{"id":12,"date":"2024-03-12T11:59:02","date_gmt":"2024-03-12T11:59:02","guid":{"rendered":"https:\/\/forestly.ee\/?page_id=12"},"modified":"2025-08-28T13:55:54","modified_gmt":"2025-08-28T13:55:54","slug":"pusimetsauhistu","status":"publish","type":"page","link":"https:\/\/forestly.ee\/","title":{"rendered":"Forestly"},"content":{"rendered":"\n<figure class=\"wp-block-image size-large\"><img loading=\"lazy\" decoding=\"async\" width=\"1024\" height=\"536\" src=\"https:\/\/forestly.ee\/wp-content\/uploads\/fienta-1024x536.webp\" alt=\"\" class=\"wp-image-1125\" srcset=\"https:\/\/forestly.ee\/wp-content\/uploads\/fienta-1024x536.webp 1024w, https:\/\/forestly.ee\/wp-content\/uploads\/fienta-300x157.webp 300w, https:\/\/forestly.ee\/wp-content\/uploads\/fienta-768x402.webp 768w, https:\/\/forestly.ee\/wp-content\/uploads\/fienta-1000x523.webp 1000w, https:\/\/forestly.ee\/wp-content\/uploads\/fienta-230x120.webp 230w, https:\/\/forestly.ee\/wp-content\/uploads\/fienta-350x183.webp 350w, https:\/\/forestly.ee\/wp-content\/uploads\/fienta-480x251.webp 480w, https:\/\/forestly.ee\/wp-content\/uploads\/fienta.webp 1070w\" sizes=\"auto, (max-width: 1024px) 100vw, 1024px\" \/><\/figure>\n\n\n\n<p>P\u00fcsimetsanduse koolitusprogrammi 2. \u00f5ppep\u00e4ev:<br>\u2022 20.-21. september<br>\u2022 Muhu- ja Saaremaal<br>\u2022 metsakasvatusinseneri Leo Filippoviga ja p\u00fcsimetsakasvataja Rainer Kuubaga<br><br><a href=\"https:\/\/fienta.com\/et\/sissejuhatus-pusimetsandusse-139772\">PILETID ON SIIN<\/a> <br><br>TEEMAD:<br>\u00d5ppep\u00e4eval n\u00e4itame ja r\u00e4\u00e4gime p\u00fcsimetsakasvatusest Saare- ja Muhumaal:<br>\u2022 Keskendume n\u00f6 saarte metsadele: loometsad, laialehised metsad, endised puisniidud jne ja vaatame, kuidas seal on p\u00fcsimetsakasvatus v\u00f5imalik.<br>\u2022 Arutame, kuidas tellida metsamajandamise t\u00f6id nii, et tulemus oleks kestlikult selline nagu metsaomanik soovib ja ette kujutab.<br>\u2022 Kohtume erinevate p\u00fcsimetsakasvatajatega ja k\u00e4ime nende metsades oma silmaga tulemust uurimas.<br><br>AJAKAVA:<br>Kogunemine laup\u00e4eval, 20. septembril, kas Virtsu sadamas v\u00f5i Muhu saare keskuses Liival:<br>\u2022 Virtsu sadamas kell 9:30, et minna 10:15 praami peale. V\u00f5imalus on j\u00e4tta auto Virtsu sadama turvalisse parklasse ja liikuda autota edasi. Sellise soovi puhul anna palun m\u00e4rku registreerumisvormis.<br>\u2022 Muhu saarel Liival COOPi parklas hiljemalt kell 11:00.<br>\u2022 Eeldatav l\u00f5pp p\u00fchap\u00e4eval kell 16:00.<br><br>PILET:<br>Varajane registreeruja kuni 25.08:<br>\u2022 L\u00f5unas\u00f6\u00f6kidega, aga ilma \u00f6\u00f6bimise ja hommiku- ning \u00f5htus\u00f6\u00f6gita: 60 \u20ac<br>\u2022 \u00d6\u00f6bimise ja hommiku-, l\u00f5una- ja \u00f5htus\u00f6\u00f6giga: 90 \u20ac<br>Registreerumine alates 25.08:<br>\u2022 L\u00f5unas\u00f6\u00f6kidega, aga ilma \u00f6\u00f6bimise ja hommiku- ning \u00f5htus\u00f6\u00f6gita: 80 \u20ac<br>\u2022 \u00d6\u00f6bimise ja hommiku-, l\u00f5una- ja \u00f5htus\u00f6\u00f6giga: 110 \u20ac<br><br>KOOLITAJAD:<br><br>LEO on \u00fclikooliharidusega metsakasvatusinenser ja riigimetsa endine metsa\u00fclem. Oma metsast on suur osa sihtkaitsev\u00f5\u00f5ndis ja v\u00e4iksemat osa, mis on ise istutatud 1974.aastal, kasvatanud nn hooldusraietega.<br>\u2022 1974. aastal kaitses diplomit\u00f6\u00f6, praeguses t\u00e4henduses magistrit\u00f6\u00f6, looalade metsastamise teemal.<br>\u2022 Aastatel 1974-1986 t\u00f6\u00f6tas metsa\u00fclemana S\u00f5rve metskonnas ja saavutas tunnustusena metsa\u00fclem-revidendi staatuse. Sellel ajal olid metsa\u00fclemad riikliku metsavalve vastutavad ametnikud ja seotud ametisse nimetamisel antud ametivandega.<br>\u2022 Aastast 1987 t\u00f6\u00f6tas kuni pensionini Saare maavalitsuses algul v\u00e4ikesaarte ja puhkemajanduse osakonna juhatajana ja edaspidi arengu-, planeeringu- ja majandusosakonna peaspetsilistina, n\u00f5unikuna. Sellel perioodil oli v\u00f5imalus end erialaliselt ja ametialaselt t\u00e4iendada nii Eestis kui ka v\u00e4lismaal.<br><br>RAINER on \u00fclikooliharidusega metsamees, kes on oma metsa majandanud juba paark\u00fcmmend aastat p\u00fcsimetsanduse v\u00f5tetega ja v\u00e4ikeste lageraietega.<br>\u2022 2003. aastal kaitses ta magistrit\u00f6\u00f6 &#8220;Metsade majandamine ja selle m\u00f5ju metsaelustikule&#8221; maastiku\u00f6koloogia ja keskkonnakaitse erialal.<br>\u2022 2008. aastal oli ta &#8220;Maastike aineringe muutuvates kliima- ja maakasutuse tingimustes ning selle \u00f6kotehnoloogiline reguleerimine&#8221; uurimust\u00f6\u00f6 kaasautor.<br>\u2022 2023. aastal oli ta statilistise valikuuringu &#8220;Eesti metsade alternatiivne hindamine&#8221; projektimeeskonna liige.<br><br>KORRALDAJAD:<br>Eesti P\u00fcsimetsa\u00fchistu<br>Forestly Eesti<br>Gaia Akadeemia<\/p>\n\n\n\n<p>\u201cP\u00fcsimetsandus on v\u00f5imalik!\u201d on teine \u00f5ppep\u00e4ev pikemast p\u00fcsimetsanduse kursusest, mida korraldavad Eesti P\u00fcsimetsa\u00fchistu, Forestly ja Gaia Akadeemia.:<\/p>\n\n\n\n<p><a href=\"https:\/\/fienta.com\/et\/sissejuhatus-pusimetsandusse-139772\">PILETID SIIN<\/a><\/p>\n","protected":false},"excerpt":{"rendered":"<p>P\u00fcsimetsanduse koolitusprogrammi 2. \u00f5ppep\u00e4ev:\u2022 20.-21. september\u2022 Muhu- ja Saaremaal\u2022 metsakasvatusinseneri Leo Filippoviga ja p\u00fcsimetsakasvataja Rainer Kuubaga PILETID ON SIIN TEEMAD:\u00d5ppep\u00e4eval n\u00e4itame ja [&hellip;]<\/p>\n","protected":false},"author":1,"featured_media":0,"parent":0,"menu_order":100,"comment_status":"closed","ping_status":"closed","template":"","meta":{"footnotes":""},"class_list":["post-12","page","type-page","status-publish","hentry"],"_links":{"self":[{"href":"https:\/\/forestly.ee\/index.php?rest_route=\/wp\/v2\/pages\/12","targetHints":{"allow":["GET"]}}],"collection":[{"href":"https:\/\/forestly.ee\/index.php?rest_route=\/wp\/v2\/pages"}],"about":[{"href":"https:\/\/forestly.ee\/index.php?rest_route=\/wp\/v2\/types\/page"}],"author":[{"embeddable":true,"href":"https:\/\/forestly.ee\/index.php?rest_route=\/wp\/v2\/users\/1"}],"replies":[{"embeddable":true,"href":"https:\/\/forestly.ee\/index.php?rest_route=%2Fwp%2Fv2%2Fcomments&post=12"}],"version-history":[{"count":47,"href":"https:\/\/forestly.ee\/index.php?rest_route=\/wp\/v2\/pages\/12\/revisions"}],"predecessor-version":[{"id":1127,"href":"https:\/\/forestly.ee\/index.php?rest_route=\/wp\/v2\/pages\/12\/revisions\/1127"}],"wp:attachment":[{"href":"https:\/\/forestly.ee\/index.php?rest_route=%2Fwp%2Fv2%2Fmedia&parent=12"}],"curies":[{"name":"wp","href":"https:\/\/api.w.org\/{rel}","templated":true}]}}