{"id":436,"date":"2018-07-20T17:00:04","date_gmt":"2018-07-20T17:00:04","guid":{"rendered":"https:\/\/forestly.ee\/?page_id=436"},"modified":"2025-02-09T17:51:17","modified_gmt":"2025-02-09T17:51:17","slug":"teenused","status":"publish","type":"page","link":"https:\/\/forestly.ee\/?page_id=436","title":{"rendered":"T\u00f6\u00f6p\u00f5him\u00f5tted"},"content":{"rendered":"<p>Kuidas Forestly t\u00f6\u00f6tab:<\/p>\n<ol>\n<li>Tulundus\u00fchistuga Forestly liitunud inimesed teevad kas \u00fchekordseid v\u00f5i igakuiseid sissemakseid \u00fchistu loodud p\u00fcsimetsafondi.<\/li>\n<li>Fondi kogunenud raha eest ostab Forestly elurikast lageraieohus metsamaad. \u00dchistu omandisse kuuluval metsamaal ei tehta lageraiet, vaid majandatakse p\u00fcsimetsamajandamise meetoditega.<\/li>\n<li>Metsa majandamisest (sh. puidust, mesitarude, kasemahla, turismi, marjade korjamise, metsaonnide k\u00fclastuse jms) teenitud tulust kaetakse Forestly majandamiskulud, kogutakse seadusega n\u00f5utud reservkapitali ning kogu \u00fclej\u00e4\u00e4nud tulu makstakse \u00fchistu liikmetele v\u00e4lja dividendidena.<\/li>\n<li>Eeldatav aastane tootlus on 1-3% ning see s\u00f5ltub olulisel m\u00e4\u00e4ral metsamajandamiseks sobivast ilmast, konkreetsetest metsamajandamiskavadest, omatavast metsamaast ja teistest faktoritest. Igal aastal ei pruugi dividendide maksmine olla v\u00f5imalik.<\/li>\n<li>Igal \u00fchistu liikmel on v\u00f5rdne v\u00f5imalus \u00fchistu tegemistest ja otsustes kaasa r\u00e4\u00e4kida: tulundus\u00fchistus on igal liikmel \u00fcks h\u00e4\u00e4l, s\u00f5ltumata tema panuse suurusest.<\/li>\n<li>Kuna Forestly eesm\u00e4rgiks on tulundus\u00fchistu liikmete sissemaksete eest maksta iga-aastaseid dividende, siis eeldame, et osalus \u00fchistus on edasim\u00fc\u00fcdav madala riski ja madala tootlusega finantsinvesteeringuna.<\/li>\n<\/ol>\n<p>NB! Forestly ei garanteeri igaastast tootlust. Iga investeerimisotsus tuleb vastustundlikult. Kuni te ei ole kindlad, et m\u00f5istate Forestlysse investeerimisega kaasnevaid riske, siis palume teil mitte Forestlyga liituda.<\/p>\n<p><span style=\"color: #ffffff;\"><a class=\"mb-button mb-style-glass mb-size-small mb-corners-default mb-text-style-default \" style=\"background-color: #08a229; color: #ffffff;\" href=\"https:\/\/forestly.ee\/?page_id=228\">\u00a0\u00a0 LIITUN\u00a0 \u00a0<\/a><\/span><\/p>\n<p><a href=\"https:\/\/forestly.ee\/\"><img loading=\"lazy\" decoding=\"async\" class=\"alignnone wp-image-848\" src=\"https:\/\/forestly.ee\/wp-content\/uploads\/Forestly-600x600-150x150.png\" alt=\"\" width=\"100\" height=\"100\" srcset=\"https:\/\/forestly.ee\/wp-content\/uploads\/Forestly-600x600-150x150.png 150w, https:\/\/forestly.ee\/wp-content\/uploads\/Forestly-600x600-300x300.png 300w, https:\/\/forestly.ee\/wp-content\/uploads\/Forestly-600x600-50x50.png 50w, https:\/\/forestly.ee\/wp-content\/uploads\/Forestly-600x600-230x230.png 230w, https:\/\/forestly.ee\/wp-content\/uploads\/Forestly-600x600-350x350.png 350w, https:\/\/forestly.ee\/wp-content\/uploads\/Forestly-600x600-480x480.png 480w, https:\/\/forestly.ee\/wp-content\/uploads\/Forestly-600x600.png 600w\" sizes=\"auto, (max-width: 100px) 100vw, 100px\" \/><\/a><\/p>\n","protected":false},"excerpt":{"rendered":"<p>Kuidas Forestly t\u00f6\u00f6tab: Tulundus\u00fchistuga Forestly liitunud inimesed teevad kas \u00fchekordseid v\u00f5i igakuiseid sissemakseid \u00fchistu loodud p\u00fcsimetsafondi. Fondi kogunenud raha eest ostab Forestly [&hellip;]<\/p>\n","protected":false},"author":1,"featured_media":0,"parent":12,"menu_order":200,"comment_status":"closed","ping_status":"closed","template":"","meta":{"footnotes":""},"class_list":["post-436","page","type-page","status-publish","hentry"],"_links":{"self":[{"href":"https:\/\/forestly.ee\/index.php?rest_route=\/wp\/v2\/pages\/436","targetHints":{"allow":["GET"]}}],"collection":[{"href":"https:\/\/forestly.ee\/index.php?rest_route=\/wp\/v2\/pages"}],"about":[{"href":"https:\/\/forestly.ee\/index.php?rest_route=\/wp\/v2\/types\/page"}],"author":[{"embeddable":true,"href":"https:\/\/forestly.ee\/index.php?rest_route=\/wp\/v2\/users\/1"}],"replies":[{"embeddable":true,"href":"https:\/\/forestly.ee\/index.php?rest_route=%2Fwp%2Fv2%2Fcomments&post=436"}],"version-history":[{"count":22,"href":"https:\/\/forestly.ee\/index.php?rest_route=\/wp\/v2\/pages\/436\/revisions"}],"predecessor-version":[{"id":1109,"href":"https:\/\/forestly.ee\/index.php?rest_route=\/wp\/v2\/pages\/436\/revisions\/1109"}],"up":[{"embeddable":true,"href":"https:\/\/forestly.ee\/index.php?rest_route=\/wp\/v2\/pages\/12"}],"wp:attachment":[{"href":"https:\/\/forestly.ee\/index.php?rest_route=%2Fwp%2Fv2%2Fmedia&parent=436"}],"curies":[{"name":"wp","href":"https:\/\/api.w.org\/{rel}","templated":true}]}}