{"id":6,"date":"2018-07-19T16:09:50","date_gmt":"2018-07-19T16:09:50","guid":{"rendered":"https:\/\/forestly.ee\/?page_id=6"},"modified":"2024-05-06T18:01:03","modified_gmt":"2024-05-06T18:01:03","slug":"kontakt","status":"publish","type":"page","link":"https:\/\/forestly.ee\/?page_id=6","title":{"rendered":"Kontakt"},"content":{"rendered":"<p><a href=\"mailto:info@forestly.ee\">info[at]forestly.ee<\/a><br \/>\nT: +372 53 464 313<br \/>\n<a href=\"https:\/\/www.facebook.com\/Forestly-1843211669306964\" target=\"_blank\" rel=\"noopener\"><img loading=\"lazy\" decoding=\"async\" class=\"alignleft wp-image-503\" src=\"https:\/\/forestly.ee\/wp-content\/uploads\/FB-150x150.png\" alt=\"\" width=\"50\" height=\"50\" srcset=\"https:\/\/forestly.ee\/wp-content\/uploads\/FB-150x150.png 150w, https:\/\/forestly.ee\/wp-content\/uploads\/FB-300x300.png 300w, https:\/\/forestly.ee\/wp-content\/uploads\/FB-230x230.png 230w, https:\/\/forestly.ee\/wp-content\/uploads\/FB-350x350.png 350w, https:\/\/forestly.ee\/wp-content\/uploads\/FB.png 432w\" sizes=\"auto, (max-width: 50px) 100vw, 50px\" \/><\/a><\/p>\n<h1>Meeskond<\/h1>\n<table border=\"1\">\n<tbody>\n<tr>\n<th>Fari\u0161tamo Eller<\/th>\n<th>Toomas Trapido<\/th>\n<th>Mattias Luha<\/th>\n<\/tr>\n<tr>\n<td><\/td>\n<td><img loading=\"lazy\" decoding=\"async\" class=\"size-full wp-image-241 aligncenter\" src=\"https:\/\/forestly.ee\/wp-content\/uploads\/Toomas_Trapido-r.png\" alt=\"\" width=\"870\" height=\"885\" srcset=\"https:\/\/forestly.ee\/wp-content\/uploads\/Toomas_Trapido-r.png 870w, https:\/\/forestly.ee\/wp-content\/uploads\/Toomas_Trapido-r-295x300.png 295w, https:\/\/forestly.ee\/wp-content\/uploads\/Toomas_Trapido-r-768x781.png 768w, https:\/\/forestly.ee\/wp-content\/uploads\/Toomas_Trapido-r-830x844.png 830w, https:\/\/forestly.ee\/wp-content\/uploads\/Toomas_Trapido-r-230x234.png 230w, https:\/\/forestly.ee\/wp-content\/uploads\/Toomas_Trapido-r-350x356.png 350w, https:\/\/forestly.ee\/wp-content\/uploads\/Toomas_Trapido-r-480x488.png 480w\" sizes=\"auto, (max-width: 870px) 100vw, 870px\" \/><\/td>\n<td><img loading=\"lazy\" decoding=\"async\" class=\"wp-image-1029 aligncenter\" src=\"https:\/\/forestly.ee\/wp-content\/uploads\/MLuhaG2020-776x1024.jpg\" alt=\"\" width=\"200\" height=\"263\" srcset=\"https:\/\/forestly.ee\/wp-content\/uploads\/MLuhaG2020-776x1024.jpg 776w, https:\/\/forestly.ee\/wp-content\/uploads\/MLuhaG2020-227x300.jpg 227w, https:\/\/forestly.ee\/wp-content\/uploads\/MLuhaG2020-768x1014.jpg 768w, https:\/\/forestly.ee\/wp-content\/uploads\/MLuhaG2020-1164x1536.jpg 1164w, https:\/\/forestly.ee\/wp-content\/uploads\/MLuhaG2020-1552x2048.jpg 1552w, https:\/\/forestly.ee\/wp-content\/uploads\/MLuhaG2020-38x50.jpg 38w, https:\/\/forestly.ee\/wp-content\/uploads\/MLuhaG2020-830x1096.jpg 830w, https:\/\/forestly.ee\/wp-content\/uploads\/MLuhaG2020-230x304.jpg 230w, https:\/\/forestly.ee\/wp-content\/uploads\/MLuhaG2020-350x462.jpg 350w, https:\/\/forestly.ee\/wp-content\/uploads\/MLuhaG2020-480x634.jpg 480w, https:\/\/forestly.ee\/wp-content\/uploads\/MLuhaG2020-scaled.jpg 1939w\" sizes=\"auto, (max-width: 200px) 100vw, 200px\" \/><\/td>\n<\/tr>\n<tr>\n<td><\/td>\n<td>Olen tegutsenud looduskaitse, \u00f6koloogilise maailmavaate ja hariduse valdkonnas 1990ndate algusest, sh 8a Eestimaa Looduse Fondi tegevjuhina. Olen \u00fcks Teeme \u00c4ra, Heapanga, Eesti \u00d6kokogukondade \u00dchenduse ja Gaia Akadeemia kaasasutajatest.<\/td>\n<td>Olen olnud mitme v\u00e4ikeettev\u00f5tte juhi rollis. Vabatahtliku t\u00f6\u00f6na olen panustanud Eesti Rohelise Liikumises ja Kadrioru Seltsis. Olen \u00f5ppinud TT\u00dc-s \u00e4rijuhtimist ning L\u00f5petanud Luua Metsanduskooli metsuri erialal.<\/td>\n<\/tr>\n<tr>\n<td><a href=\"mailto:faristamo@gmail.com\">faristamo[at]gmail.com<\/a><\/td>\n<td><a href=\"mailto:toomas@forestly.ee\">toomas[at]forestly.ee<\/a><\/td>\n<td><a href=\"mailto:mattias@forestly.ee\">mattias[at]forestly.ee<\/a><\/td>\n<\/tr>\n<tr>\n<td><\/td>\n<td>+372 55 570 010<\/td>\n<td>+372 53 464 313<\/td>\n<\/tr>\n<\/tbody>\n<\/table>\n<p><a class=\"mb-button mb-style-glass mb-size-default mb-corners-default mb-text-style-default \" style=\"background-color: #08a229;\" href=\"https:\/\/forestly.ee\/?page_id=228\">\u00a0<i class=\"fa fa-user\"><\/i>\u00a0 LIITUN<\/a><\/p>\n<p><a href=\"https:\/\/forestly.ee\"><img loading=\"lazy\" decoding=\"async\" class=\"alignnone wp-image-848\" src=\"https:\/\/forestly.ee\/wp-content\/uploads\/Forestly-600x600-150x150.png\" alt=\"\" width=\"100\" height=\"100\" srcset=\"https:\/\/forestly.ee\/wp-content\/uploads\/Forestly-600x600-150x150.png 150w, https:\/\/forestly.ee\/wp-content\/uploads\/Forestly-600x600-300x300.png 300w, https:\/\/forestly.ee\/wp-content\/uploads\/Forestly-600x600-50x50.png 50w, https:\/\/forestly.ee\/wp-content\/uploads\/Forestly-600x600-230x230.png 230w, https:\/\/forestly.ee\/wp-content\/uploads\/Forestly-600x600-350x350.png 350w, https:\/\/forestly.ee\/wp-content\/uploads\/Forestly-600x600-480x480.png 480w, https:\/\/forestly.ee\/wp-content\/uploads\/Forestly-600x600.png 600w\" sizes=\"auto, (max-width: 100px) 100vw, 100px\" \/><\/a><\/p>\n","protected":false},"excerpt":{"rendered":"<p>info[at]forestly.ee T: +372 53 464 313 Meeskond Fari\u0161tamo Eller Toomas Trapido Mattias Luha Olen tegutsenud looduskaitse, \u00f6koloogilise maailmavaate ja hariduse valdkonnas 1990ndate [&hellip;]<\/p>\n","protected":false},"author":1,"featured_media":0,"parent":0,"menu_order":600,"comment_status":"closed","ping_status":"closed","template":"","meta":{"footnotes":""},"class_list":["post-6","page","type-page","status-publish","hentry"],"_links":{"self":[{"href":"https:\/\/forestly.ee\/index.php?rest_route=\/wp\/v2\/pages\/6","targetHints":{"allow":["GET"]}}],"collection":[{"href":"https:\/\/forestly.ee\/index.php?rest_route=\/wp\/v2\/pages"}],"about":[{"href":"https:\/\/forestly.ee\/index.php?rest_route=\/wp\/v2\/types\/page"}],"author":[{"embeddable":true,"href":"https:\/\/forestly.ee\/index.php?rest_route=\/wp\/v2\/users\/1"}],"replies":[{"embeddable":true,"href":"https:\/\/forestly.ee\/index.php?rest_route=%2Fwp%2Fv2%2Fcomments&post=6"}],"version-history":[{"count":31,"href":"https:\/\/forestly.ee\/index.php?rest_route=\/wp\/v2\/pages\/6\/revisions"}],"predecessor-version":[{"id":1096,"href":"https:\/\/forestly.ee\/index.php?rest_route=\/wp\/v2\/pages\/6\/revisions\/1096"}],"wp:attachment":[{"href":"https:\/\/forestly.ee\/index.php?rest_route=%2Fwp%2Fv2%2Fmedia&parent=6"}],"curies":[{"name":"wp","href":"https:\/\/api.w.org\/{rel}","templated":true}]}}